{"id":1188,"date":"2024-10-08T08:18:58","date_gmt":"2024-10-08T08:18:58","guid":{"rendered":"https:\/\/valoise-amenagement.ma\/professionnel\/contact\/"},"modified":"2024-11-15T16:47:15","modified_gmt":"2024-11-15T16:47:15","slug":"contact","status":"publish","type":"page","link":"https:\/\/valoise-amenagement.ma\/professionnel\/contact\/","title":{"rendered":"Contact"},"content":{"rendered":"\n<div class=\"wp-block-uagb-container uagb-block-8edfb0de alignfull uagb-is-root-container\"><div class=\"uagb-container-inner-blocks-wrap\">\n<div class=\"wp-block-uagb-info-box uagb-block-5987c70e uagb-infobox__content-wrap  uagb-infobox-icon-above-title uagb-infobox-image-valign-top\"><div class=\"uagb-ifb-content\"><div class=\"uagb-ifb-title-wrap\"><h1 class=\"uagb-ifb-title\">Contactez-nous<\/h1><\/div><p class=\"uagb-ifb-desc\">Nous aimerions avoir de vos nouvelles&nbsp;!<\/p><\/div><\/div>\n<\/div><\/div>\n\n\n\n<div class=\"wp-block-uagb-container uagb-block-d49062dc alignfull uagb-is-root-container\"><div class=\"uagb-container-inner-blocks-wrap\">\n<div class=\"wp-block-uagb-image uagb-block-1d9a1a99 wp-block-uagb-image--layout-default wp-block-uagb-image--effect-static wp-block-uagb-image--align-none\"><figure class=\"wp-block-uagb-image__figure\"><img decoding=\"async\" srcset=\"https:\/\/valoise-amenagement.ma\/professionnel\/wp-content\/uploads\/2024\/10\/logo-valoise.png ,https:\/\/valoise-amenagement.ma\/professionnel\/wp-content\/uploads\/2024\/10\/logo-valoise.png 780w, https:\/\/valoise-amenagement.ma\/professionnel\/wp-content\/uploads\/2024\/10\/logo-valoise.png 360w\" sizes=\"auto, (max-width: 480px) 150px\" src=\"https:\/\/valoise-amenagement.ma\/professionnel\/wp-content\/uploads\/2024\/10\/logo-valoise.png\" alt=\"\" class=\"uag-image-2648\" width=\"460\" height=\"512\" title=\"logo-valoise\" loading=\"lazy\" role=\"img\"\/><\/figure><\/div>\n\n\n\n<div class=\"wp-block-uagb-container uagb-block-6db62562\">\n<div class=\"wp-block-uagb-advanced-heading uagb-block-f1ed709d\"><h2 class=\"uagb-heading-text\">Discutons de vos projets !<\/h2><p class=\"uagb-desc-text\">Chez Valoise, nous croyons que chaque projet m\u00e9rite une attention particuli\u00e8re et une approche sur mesure. Que vous envisagiez de r\u00e9nover un espace existant ou de concevoir un nouvel am\u00e9nagement, notre \u00e9quipe est l\u00e0 pour vous accompagner.<br><\/p><\/div>\n\n\n\n<div class=\"wp-block-uagb-icon-list uagb-block-1b09f302\"><div class=\"uagb-icon-list__wrap\">\n<div class=\"wp-block-uagb-icon-list-child uagb-block-18c6e1c1\"><a target=\"_self\" aria-label=\"Consultation gratuite\u200b\" rel=\"noopener noreferrer\" href=\"#\"> <\/a><span class=\"uagb-icon-list__source-wrap\"><svg xmlns=\"https:\/\/www.w3.org\/2000\/svg\" viewBox=\"0 0 512 512\"><path d=\"M512 256C512 397.4 397.4 512 256 512C114.6 512 0 397.4 0 256C0 114.6 114.6 0 256 0C397.4 0 512 114.6 512 256z\"><\/path><\/svg><\/span><span class=\"uagb-icon-list__label\"><strong>Consultation gratuite\u200b<\/strong><\/span><\/div>\n\n\n\n<div class=\"wp-block-uagb-icon-list-child uagb-block-6d98774e\"><a target=\"_self\" aria-label=\"Devis budg\u00e9taires\" rel=\"noopener noreferrer\" href=\"#\"> <\/a><span class=\"uagb-icon-list__source-wrap\"><svg xmlns=\"https:\/\/www.w3.org\/2000\/svg\" viewBox=\"0 0 512 512\"><path d=\"M512 256C512 397.4 397.4 512 256 512C114.6 512 0 397.4 0 256C0 114.6 114.6 0 256 0C397.4 0 512 114.6 512 256z\"><\/path><\/svg><\/span><span class=\"uagb-icon-list__label\"><strong>Devis budg\u00e9taires<\/strong><\/span><\/div>\n\n\n\n<div class=\"wp-block-uagb-icon-list-child uagb-block-f77f151c\"><a target=\"_self\" aria-label=\"Solutions Innovantes\" rel=\"noopener noreferrer\" href=\"#\"> <\/a><span class=\"uagb-icon-list__source-wrap\"><svg xmlns=\"https:\/\/www.w3.org\/2000\/svg\" viewBox=\"0 0 512 512\"><path d=\"M512 256C512 397.4 397.4 512 256 512C114.6 512 0 397.4 0 256C0 114.6 114.6 0 256 0C397.4 0 512 114.6 512 256z\"><\/path><\/svg><\/span><span class=\"uagb-icon-list__label\"><strong>Solutions Innovantes<\/strong><\/span><\/div>\n\n\n\n<div class=\"wp-block-uagb-icon-list-child uagb-block-3f222413\"><a target=\"_self\" aria-label=\"Approche Personnalis\u00e9e\" rel=\"noopener noreferrer\" href=\"#\"> <\/a><span class=\"uagb-icon-list__source-wrap\"><svg xmlns=\"https:\/\/www.w3.org\/2000\/svg\" viewBox=\"0 0 512 512\"><path d=\"M512 256C512 397.4 397.4 512 256 512C114.6 512 0 397.4 0 256C0 114.6 114.6 0 256 0C397.4 0 512 114.6 512 256z\"><\/path><\/svg><\/span><span class=\"uagb-icon-list__label\"><strong><strong>Approche Personnalis\u00e9e<\/strong><\/strong><\/span><\/div>\n<\/div><\/div>\n<\/div>\n\n\n\n<div class=\"wp-block-uagb-container uagb-block-dcef6064\">\n<div class=\"wp-block-uagb-forms uagb-forms__outer-wrap uagb-block-a7f8aad9 uagb-forms__medium-btn\"><form class=\"uagb-forms-main-form\" method=\"post\" autocomplete=\"on\" name=\"uagb-form-a7f8aad9\">\n<div class=\"wp-block-uagb-forms-name uagb-forms-name-wrap uagb-forms-field-set uagb-block-de0cd0b1\"><div class=\"uagb-forms-name-label required uagb-forms-input-label\" id=\"de0cd0b1\">First Name<\/div><input type=\"text\" placeholder=\"Nom\" required class=\"uagb-forms-name-input uagb-forms-input\" name=\"de0cd0b1\" autocomplete=\"given-name\"\/><\/div>\n\n\n\n<div class=\"wp-block-uagb-forms-email uagb-forms-email-wrap uagb-forms-field-set uagb-block-f66c86f7\"><div class=\"uagb-forms-email-label  uagb-forms-input-label\" id=\"f66c86f7\">Email<\/div><input type=\"email\" class=\"uagb-forms-email-input uagb-forms-input\" placeholder=\"E-mail\" name=\"f66c86f7\" autocomplete=\"email\"\/><\/div>\n\n\n\n<div class=\"wp-block-uagb-forms-name uagb-forms-name-wrap uagb-forms-field-set uagb-block-36edcc1b\"><div class=\"uagb-forms-name-label required uagb-forms-input-label\" id=\"36edcc1b\">Last Name<\/div><input type=\"text\" placeholder=\"Num\u00e9ro de t\u00e9l\u00e9phone\" required class=\"uagb-forms-name-input uagb-forms-input\" name=\"36edcc1b\" autocomplete=\"family-name\"\/><\/div>\n\n\n\n<div class=\"wp-block-uagb-forms-name uagb-forms-name-wrap uagb-forms-field-set uagb-block-25db5e8b\"><div class=\"uagb-forms-name-label required uagb-forms-input-label\" id=\"25db5e8b\">Last Name<\/div><input type=\"text\" placeholder=\"Sujet\" required class=\"uagb-forms-name-input uagb-forms-input\" name=\"25db5e8b\" autocomplete=\"family-name\"\/><\/div>\n\n\n\n<div class=\"wp-block-uagb-forms-textarea uagb-forms-textarea-wrap uagb-forms-field-set uagb-block-c36b65a2\"><div class=\"uagb-forms-textarea-label required uagb-forms-input-label\" id=\"c36b65a2\">Message<\/div><textarea required class=\"uagb-forms-textarea-input uagb-forms-input\" rows=\"6\" placeholder=\"Message\" name=\"c36b65a2\" autocomplete=\"off\"><\/textarea><\/div>\n<div class=\"uagb-forms-form-hidden-data\"><input type=\"hidden\" class=\"uagb_forms_form_label\" value=\"Spectra Form\"\/><input type=\"hidden\" class=\"uagb_forms_form_id\" value=\"uagb-form-a7f8aad9\"\/><\/div><div class=\"uagb-form-reacaptcha-error-a7f8aad9\"><\/div><div class=\"uagb-forms-main-submit-button-wrap wp-block-button\"><button class=\"uagb-forms-main-submit-button ast-outline-button\" style=\"border-width:revert-layer\"><div class=\"uagb-forms-main-submit-button-text\">Envoyer<\/div><\/button><\/div><\/form><div class=\"uagb-forms-success-message-a7f8aad9 uagb-forms-submit-message-hide\"><span>Le formulaire a \u00e9t\u00e9 soumis avec succ\u00e8s !<\/span><\/div><div class=\"uagb-forms-failed-message-a7f8aad9 uagb-forms-submit-message-hide\"><span>Une erreur s&rsquo;est produite lors de la soumission du formulaire. Veuillez v\u00e9rifier \u00e0 nouveau tous les champs du formulaire.<\/span><\/div><\/div>\n<\/div>\n<\/div><\/div>\n\n\n\n<div class=\"wp-block-uagb-container uagb-block-98536430 alignfull uagb-is-root-container\"><div class=\"uagb-container-inner-blocks-wrap\">\n<div class=\"wp-block-uagb-container uagb-layout-flex uagb-block-48368d54\">\n<div class=\"wp-block-uagb-container uagb-block-70b454fc\">\n<div class=\"wp-block-uagb-info-box uagb-block-fd1b7122 uagb-infobox__content-wrap  uagb-infobox-icon-left uagb-infobox-left uagb-infobox-stacked-mobile uagb-infobox-image-valign-top\"><div class=\"uagb-ifb-icon-wrap\"><div class=\"uagb-iconbox-icon-wrap uagb-infobox-shape-circle\"><svg xmlns=\"https:\/\/www.w3.org\/2000\/svg\" viewBox=\"0 0 320 512\"><path d=\"M320 144C320 223.5 255.5 288 176 288C96.47 288 32 223.5 32 144C32 64.47 96.47 0 176 0C255.5 0 320 64.47 320 144zM192 64C192 55.16 184.8 48 176 48C122.1 48 80 90.98 80 144C80 152.8 87.16 160 96 160C104.8 160 112 152.8 112 144C112 108.7 140.7 80 176 80C184.8 80 192 72.84 192 64zM144 480V317.1C154.4 319 165.1 319.1 176 319.1C186.9 319.1 197.6 319 208 317.1V480C208 497.7 193.7 512 176 512C158.3 512 144 497.7 144 480z\"><\/path><\/svg><\/div><\/div><div class=\"uagb-ifb-content\"><div class=\"uagb-ifb-title-wrap\"><h3 class=\"uagb-ifb-title\"><strong>Adresse<\/strong><\/h3><\/div><p class=\"uagb-ifb-desc\">157 Avenue Hassan Seghir, Casablanca, 20190<\/p><\/div><\/div>\n<\/div>\n\n\n\n<div class=\"wp-block-uagb-container uagb-block-9e21fd52\">\n<div class=\"wp-block-uagb-info-box uagb-block-1f7b7765 uagb-infobox__content-wrap  uagb-infobox-icon-left uagb-infobox-left uagb-infobox-stacked-mobile uagb-infobox-image-valign-top\"><div class=\"uagb-ifb-icon-wrap\"><div class=\"uagb-iconbox-icon-wrap uagb-infobox-shape-circle\"><svg xmlns=\"https:\/\/www.w3.org\/2000\/svg\" viewBox=\"0 0 512 512\"><path d=\"M464 64C490.5 64 512 85.49 512 112C512 127.1 504.9 141.3 492.8 150.4L275.2 313.6C263.8 322.1 248.2 322.1 236.8 313.6L19.2 150.4C7.113 141.3 0 127.1 0 112C0 85.49 21.49 64 48 64H464zM217.6 339.2C240.4 356.3 271.6 356.3 294.4 339.2L512 176V384C512 419.3 483.3 448 448 448H64C28.65 448 0 419.3 0 384V176L217.6 339.2z\"><\/path><\/svg><\/div><\/div><div class=\"uagb-ifb-content\"><div class=\"uagb-ifb-title-wrap\"><h3 class=\"uagb-ifb-title\"><strong><strong>Envoyez-nous un e-mail<\/strong><\/strong><\/h3><\/div><p class=\"uagb-ifb-desc\">contact@valoise-amenagement.ma<\/p><\/div><\/div>\n<\/div>\n\n\n\n<div class=\"wp-block-uagb-container uagb-block-239df1ba\">\n<div class=\"wp-block-uagb-info-box uagb-block-b4b22a13 uagb-infobox__content-wrap  uagb-infobox-icon-left uagb-infobox-left uagb-infobox-stacked-mobile uagb-infobox-image-valign-top\"><div class=\"uagb-ifb-icon-wrap\"><div class=\"uagb-iconbox-icon-wrap uagb-infobox-shape-circle\"><svg xmlns=\"https:\/\/www.w3.org\/2000\/svg\" viewBox=\"0 0 512 512\"><path d=\"M18.92 351.2l108.5-46.52c12.78-5.531 27.77-1.801 36.45 8.98l44.09 53.82c69.25-34 125.5-90.31 159.5-159.5l-53.81-44.04c-10.75-8.781-14.41-23.69-8.974-36.47l46.51-108.5c6.094-13.91 21.1-21.52 35.79-18.11l100.8 23.25c14.25 3.25 24.22 15.8 24.22 30.46c0 252.3-205.2 457.5-457.5 457.5c-14.67 0-27.18-9.968-30.45-24.22l-23.25-100.8C-2.571 372.4 5.018 357.2 18.92 351.2z\"><\/path><\/svg><\/div><\/div><div class=\"uagb-ifb-content\"><div class=\"uagb-ifb-title-wrap\"><h3 class=\"uagb-ifb-title\"><strong><strong>\u00ab Appeler \u00bb<\/strong><\/strong><\/h3><\/div><p class=\"uagb-ifb-desc\">06 61 17 10 09<br>05 22 30 26 51<\/p><\/div><\/div>\n<\/div>\n<\/div>\n<\/div><\/div>\n\n\n\n<div class=\"wp-block-uagb-container uagb-block-3f5ca58e alignfull uagb-is-root-container\">\t\t\t<div \n\t\t\tclass=\"wp-block-uagb-google-map uagb-google-map__wrap uagb-block-4f68ad55     \"\n\t\t\tstyle=\"\" >\n\t\t\t\t<embed\n\t\t\t\t\tclass=\"uagb-google-map__iframe\"\n\t\t\t\t\ttitle=\"Carte Google pour \"\n\t\t\t\t\tsrc=\"https:\/\/maps.google.com\/maps?q=157%20Avenue%20Hassan%20Seghir%2C%20Casablanca%2C%2020190&#038;z=16&#038;hl=en&#038;t=m&#038;output=embed&#038;iwloc=near\"\n\t\t\t\t\twidth=\"640\"\n\t\t\t\t\theight=\"480\"\n\t\t\t\t\tloading=\"lazy\"\n\t\t\t\t><\/embed>\n\t\t\t<\/div>\n\t\t\t<\/div>\n","protected":false},"excerpt":{"rendered":"<p>Discutons de vos projets ! Chez Valoise, nous croyons que chaque projet m\u00e9rite une attention particuli\u00e8re et une approche sur mesure. Que vous envisagiez de r\u00e9nover un espace existant ou de concevoir un nouvel am\u00e9nagement, notre \u00e9quipe est l\u00e0 pour vous accompagner.<\/p>\n","protected":false},"author":1,"featured_media":0,"parent":0,"menu_order":0,"comment_status":"closed","ping_status":"closed","template":"","meta":{"_uag_custom_page_level_css":"","site-sidebar-layout":"no-sidebar","site-content-layout":"plain-container","ast-site-content-layout":"normal-width-container","site-content-style":"unboxed","site-sidebar-style":"unboxed","ast-global-header-display":"","ast-banner-title-visibility":"","ast-main-header-display":"","ast-hfb-above-header-display":"","ast-hfb-below-header-display":"","ast-hfb-mobile-header-display":"","site-post-title":"disabled","ast-breadcrumbs-content":"","ast-featured-img":"disabled","footer-sml-layout":"","theme-transparent-header-meta":"enabled","adv-header-id-meta":"","stick-header-meta":"","header-above-stick-meta":"","header-main-stick-meta":"","header-below-stick-meta":"","astra-migrate-meta-layouts":"set","ast-page-background-enabled":"default","ast-page-background-meta":{"desktop":{"background-color":"","background-image":"","background-repeat":"repeat","background-position":"center center","background-size":"auto","background-attachment":"scroll","background-type":"","background-media":"","overlay-type":"","overlay-color":"","overlay-opacity":"","overlay-gradient":""},"tablet":{"background-color":"","background-image":"","background-repeat":"repeat","background-position":"center center","background-size":"auto","background-attachment":"scroll","background-type":"","background-media":"","overlay-type":"","overlay-color":"","overlay-opacity":"","overlay-gradient":""},"mobile":{"background-color":"","background-image":"","background-repeat":"repeat","background-position":"center center","background-size":"auto","background-attachment":"scroll","background-type":"","background-media":"","overlay-type":"","overlay-color":"","overlay-opacity":"","overlay-gradient":""}},"ast-content-background-meta":{"desktop":{"background-color":"var(--ast-global-color-5)","background-image":"","background-repeat":"repeat","background-position":"center center","background-size":"auto","background-attachment":"scroll","background-type":"","background-media":"","overlay-type":"","overlay-color":"","overlay-opacity":"","overlay-gradient":""},"tablet":{"background-color":"var(--ast-global-color-5)","background-image":"","background-repeat":"repeat","background-position":"center center","background-size":"auto","background-attachment":"scroll","background-type":"","background-media":"","overlay-type":"","overlay-color":"","overlay-opacity":"","overlay-gradient":""},"mobile":{"background-color":"var(--ast-global-color-5)","background-image":"","background-repeat":"repeat","background-position":"center center","background-size":"auto","background-attachment":"scroll","background-type":"","background-media":"","overlay-type":"","overlay-color":"","overlay-opacity":"","overlay-gradient":""}},"footnotes":""},"class_list":["post-1188","page","type-page","status-publish","hentry"],"yoast_head":"<!-- This site is optimized with the Yoast SEO plugin v24.2 - https:\/\/yoast.com\/wordpress\/plugins\/seo\/ -->\n<title>Contact - Valoise Amenagement et Agencement<\/title>\n<meta name=\"description\" content=\"Contactez-nousNous aimerions avoir de vos nouvelles&nbsp;! Discutons de vos projets !Chez Valoise, nous croyons que chaque projet m\u00e9rite une attention\" \/>\n<meta name=\"robots\" content=\"index, follow, max-snippet:-1, max-image-preview:large, max-video-preview:-1\" \/>\n<link rel=\"canonical\" href=\"https:\/\/valoise-amenagement.ma\/professionnel\/contact\/\" \/>\n<meta property=\"og:locale\" content=\"fr_FR\" \/>\n<meta property=\"og:type\" content=\"article\" \/>\n<meta property=\"og:title\" content=\"Contact - Valoise Amenagement et Agencement\" \/>\n<meta property=\"og:description\" content=\"Contactez-nousNous aimerions avoir de vos nouvelles&nbsp;! Discutons de vos projets !Chez Valoise, nous croyons que chaque projet m\u00e9rite une attention\" \/>\n<meta property=\"og:url\" content=\"https:\/\/valoise-amenagement.ma\/professionnel\/contact\/\" \/>\n<meta property=\"og:site_name\" content=\"Valoise Amenagement et Agencement\" \/>\n<meta property=\"article:modified_time\" content=\"2024-11-15T16:47:15+00:00\" \/>\n<meta property=\"og:image\" content=\"https:\/\/valoise-amenagement.ma\/professionnel\/wp-content\/uploads\/2024\/10\/logo-valoise.png\" \/>\n<meta name=\"twitter:card\" content=\"summary_large_image\" \/>\n<meta name=\"twitter:label1\" content=\"Dur\u00e9e de lecture estim\u00e9e\" \/>\n\t<meta name=\"twitter:data1\" content=\"1 minute\" \/>\n<script type=\"application\/ld+json\" class=\"yoast-schema-graph\">{\"@context\":\"https:\/\/schema.org\",\"@graph\":[{\"@type\":\"WebPage\",\"@id\":\"https:\/\/valoise-amenagement.ma\/professionnel\/contact\/\",\"url\":\"https:\/\/valoise-amenagement.ma\/professionnel\/contact\/\",\"name\":\"Contact - Valoise Amenagement et Agencement\",\"isPartOf\":{\"@id\":\"https:\/\/valoise-amenagement.ma\/professionnel\/#website\"},\"primaryImageOfPage\":{\"@id\":\"https:\/\/valoise-amenagement.ma\/professionnel\/contact\/#primaryimage\"},\"image\":{\"@id\":\"https:\/\/valoise-amenagement.ma\/professionnel\/contact\/#primaryimage\"},\"thumbnailUrl\":\"https:\/\/valoise-amenagement.ma\/professionnel\/wp-content\/uploads\/2024\/10\/logo-valoise.png\",\"datePublished\":\"2024-10-08T08:18:58+00:00\",\"dateModified\":\"2024-11-15T16:47:15+00:00\",\"description\":\"Contactez-nousNous aimerions avoir de vos nouvelles&nbsp;! Discutons de vos projets !Chez Valoise, nous croyons que chaque projet m\u00e9rite une attention\",\"breadcrumb\":{\"@id\":\"https:\/\/valoise-amenagement.ma\/professionnel\/contact\/#breadcrumb\"},\"inLanguage\":\"fr-FR\",\"potentialAction\":[{\"@type\":\"ReadAction\",\"target\":[\"https:\/\/valoise-amenagement.ma\/professionnel\/contact\/\"]}]},{\"@type\":\"ImageObject\",\"inLanguage\":\"fr-FR\",\"@id\":\"https:\/\/valoise-amenagement.ma\/professionnel\/contact\/#primaryimage\",\"url\":\"https:\/\/valoise-amenagement.ma\/professionnel\/wp-content\/uploads\/2024\/10\/logo-valoise.png\",\"contentUrl\":\"https:\/\/valoise-amenagement.ma\/professionnel\/wp-content\/uploads\/2024\/10\/logo-valoise.png\",\"width\":900,\"height\":1000},{\"@type\":\"BreadcrumbList\",\"@id\":\"https:\/\/valoise-amenagement.ma\/professionnel\/contact\/#breadcrumb\",\"itemListElement\":[{\"@type\":\"ListItem\",\"position\":1,\"name\":\"Accueil\",\"item\":\"https:\/\/valoise-amenagement.ma\/professionnel\/\"},{\"@type\":\"ListItem\",\"position\":2,\"name\":\"Contact\"}]},{\"@type\":\"WebSite\",\"@id\":\"https:\/\/valoise-amenagement.ma\/professionnel\/#website\",\"url\":\"https:\/\/valoise-amenagement.ma\/professionnel\/\",\"name\":\"Valoise Amenagement et Agencement\",\"description\":\"\",\"publisher\":{\"@id\":\"https:\/\/valoise-amenagement.ma\/professionnel\/#organization\"},\"potentialAction\":[{\"@type\":\"SearchAction\",\"target\":{\"@type\":\"EntryPoint\",\"urlTemplate\":\"https:\/\/valoise-amenagement.ma\/professionnel\/?s={search_term_string}\"},\"query-input\":{\"@type\":\"PropertyValueSpecification\",\"valueRequired\":true,\"valueName\":\"search_term_string\"}}],\"inLanguage\":\"fr-FR\"},{\"@type\":\"Organization\",\"@id\":\"https:\/\/valoise-amenagement.ma\/professionnel\/#organization\",\"name\":\"Valoise Amenagement et Agencement\",\"url\":\"https:\/\/valoise-amenagement.ma\/professionnel\/\",\"logo\":{\"@type\":\"ImageObject\",\"inLanguage\":\"fr-FR\",\"@id\":\"https:\/\/valoise-amenagement.ma\/professionnel\/#\/schema\/logo\/image\/\",\"url\":\"https:\/\/valoise-amenagement.ma\/professionnel\/wp-content\/uploads\/2024\/10\/valoise-logo.png\",\"contentUrl\":\"https:\/\/valoise-amenagement.ma\/professionnel\/wp-content\/uploads\/2024\/10\/valoise-logo.png\",\"width\":200,\"height\":159,\"caption\":\"Valoise Amenagement et Agencement\"},\"image\":{\"@id\":\"https:\/\/valoise-amenagement.ma\/professionnel\/#\/schema\/logo\/image\/\"}}]}<\/script>\n<!-- \/ Yoast SEO plugin. -->","yoast_head_json":{"title":"Contact - Valoise Amenagement et Agencement","description":"Contactez-nousNous aimerions avoir de vos nouvelles&nbsp;! Discutons de vos projets !Chez Valoise, nous croyons que chaque projet m\u00e9rite une attention","robots":{"index":"index","follow":"follow","max-snippet":"max-snippet:-1","max-image-preview":"max-image-preview:large","max-video-preview":"max-video-preview:-1"},"canonical":"https:\/\/valoise-amenagement.ma\/professionnel\/contact\/","og_locale":"fr_FR","og_type":"article","og_title":"Contact - Valoise Amenagement et Agencement","og_description":"Contactez-nousNous aimerions avoir de vos nouvelles&nbsp;! Discutons de vos projets !Chez Valoise, nous croyons que chaque projet m\u00e9rite une attention","og_url":"https:\/\/valoise-amenagement.ma\/professionnel\/contact\/","og_site_name":"Valoise Amenagement et Agencement","article_modified_time":"2024-11-15T16:47:15+00:00","og_image":[{"url":"https:\/\/valoise-amenagement.ma\/professionnel\/wp-content\/uploads\/2024\/10\/logo-valoise.png","type":"","width":"","height":""}],"twitter_card":"summary_large_image","twitter_misc":{"Dur\u00e9e de lecture estim\u00e9e":"1 minute"},"schema":{"@context":"https:\/\/schema.org","@graph":[{"@type":"WebPage","@id":"https:\/\/valoise-amenagement.ma\/professionnel\/contact\/","url":"https:\/\/valoise-amenagement.ma\/professionnel\/contact\/","name":"Contact - Valoise Amenagement et Agencement","isPartOf":{"@id":"https:\/\/valoise-amenagement.ma\/professionnel\/#website"},"primaryImageOfPage":{"@id":"https:\/\/valoise-amenagement.ma\/professionnel\/contact\/#primaryimage"},"image":{"@id":"https:\/\/valoise-amenagement.ma\/professionnel\/contact\/#primaryimage"},"thumbnailUrl":"https:\/\/valoise-amenagement.ma\/professionnel\/wp-content\/uploads\/2024\/10\/logo-valoise.png","datePublished":"2024-10-08T08:18:58+00:00","dateModified":"2024-11-15T16:47:15+00:00","description":"Contactez-nousNous aimerions avoir de vos nouvelles&nbsp;! Discutons de vos projets !Chez Valoise, nous croyons que chaque projet m\u00e9rite une attention","breadcrumb":{"@id":"https:\/\/valoise-amenagement.ma\/professionnel\/contact\/#breadcrumb"},"inLanguage":"fr-FR","potentialAction":[{"@type":"ReadAction","target":["https:\/\/valoise-amenagement.ma\/professionnel\/contact\/"]}]},{"@type":"ImageObject","inLanguage":"fr-FR","@id":"https:\/\/valoise-amenagement.ma\/professionnel\/contact\/#primaryimage","url":"https:\/\/valoise-amenagement.ma\/professionnel\/wp-content\/uploads\/2024\/10\/logo-valoise.png","contentUrl":"https:\/\/valoise-amenagement.ma\/professionnel\/wp-content\/uploads\/2024\/10\/logo-valoise.png","width":900,"height":1000},{"@type":"BreadcrumbList","@id":"https:\/\/valoise-amenagement.ma\/professionnel\/contact\/#breadcrumb","itemListElement":[{"@type":"ListItem","position":1,"name":"Accueil","item":"https:\/\/valoise-amenagement.ma\/professionnel\/"},{"@type":"ListItem","position":2,"name":"Contact"}]},{"@type":"WebSite","@id":"https:\/\/valoise-amenagement.ma\/professionnel\/#website","url":"https:\/\/valoise-amenagement.ma\/professionnel\/","name":"Valoise Amenagement et Agencement","description":"","publisher":{"@id":"https:\/\/valoise-amenagement.ma\/professionnel\/#organization"},"potentialAction":[{"@type":"SearchAction","target":{"@type":"EntryPoint","urlTemplate":"https:\/\/valoise-amenagement.ma\/professionnel\/?s={search_term_string}"},"query-input":{"@type":"PropertyValueSpecification","valueRequired":true,"valueName":"search_term_string"}}],"inLanguage":"fr-FR"},{"@type":"Organization","@id":"https:\/\/valoise-amenagement.ma\/professionnel\/#organization","name":"Valoise Amenagement et Agencement","url":"https:\/\/valoise-amenagement.ma\/professionnel\/","logo":{"@type":"ImageObject","inLanguage":"fr-FR","@id":"https:\/\/valoise-amenagement.ma\/professionnel\/#\/schema\/logo\/image\/","url":"https:\/\/valoise-amenagement.ma\/professionnel\/wp-content\/uploads\/2024\/10\/valoise-logo.png","contentUrl":"https:\/\/valoise-amenagement.ma\/professionnel\/wp-content\/uploads\/2024\/10\/valoise-logo.png","width":200,"height":159,"caption":"Valoise Amenagement et Agencement"},"image":{"@id":"https:\/\/valoise-amenagement.ma\/professionnel\/#\/schema\/logo\/image\/"}}]}},"uagb_featured_image_src":{"full":false,"thumbnail":false,"medium":false,"medium_large":false,"large":false,"1536x1536":false,"2048x2048":false},"uagb_author_info":{"display_name":"valoise","author_link":"https:\/\/valoise-amenagement.ma\/professionnel\/author\/valoise\/"},"uagb_comment_info":0,"uagb_excerpt":"Discutons de vos projets ! Chez Valoise, nous croyons que chaque projet m\u00e9rite une attention particuli\u00e8re et une approche sur mesure. Que vous envisagiez de r\u00e9nover un espace existant ou de concevoir un nouvel am\u00e9nagement, notre \u00e9quipe est l\u00e0 pour vous accompagner.","_links":{"self":[{"href":"https:\/\/valoise-amenagement.ma\/professionnel\/wp-json\/wp\/v2\/pages\/1188","targetHints":{"allow":["GET"]}}],"collection":[{"href":"https:\/\/valoise-amenagement.ma\/professionnel\/wp-json\/wp\/v2\/pages"}],"about":[{"href":"https:\/\/valoise-amenagement.ma\/professionnel\/wp-json\/wp\/v2\/types\/page"}],"author":[{"embeddable":true,"href":"https:\/\/valoise-amenagement.ma\/professionnel\/wp-json\/wp\/v2\/users\/1"}],"replies":[{"embeddable":true,"href":"https:\/\/valoise-amenagement.ma\/professionnel\/wp-json\/wp\/v2\/comments?post=1188"}],"version-history":[{"count":4,"href":"https:\/\/valoise-amenagement.ma\/professionnel\/wp-json\/wp\/v2\/pages\/1188\/revisions"}],"predecessor-version":[{"id":2743,"href":"https:\/\/valoise-amenagement.ma\/professionnel\/wp-json\/wp\/v2\/pages\/1188\/revisions\/2743"}],"wp:attachment":[{"href":"https:\/\/valoise-amenagement.ma\/professionnel\/wp-json\/wp\/v2\/media?parent=1188"}],"curies":[{"name":"wp","href":"https:\/\/api.w.org\/{rel}","templated":true}]}}