{"id":691,"date":"2024-09-28T15:49:10","date_gmt":"2024-09-28T15:49:10","guid":{"rendered":"https:\/\/valoise-amenagement.ma\/particulier\/projects\/"},"modified":"2024-10-01T02:02:12","modified_gmt":"2024-10-01T02:02:12","slug":"projets","status":"publish","type":"page","link":"https:\/\/valoise-amenagement.ma\/particulier\/projets\/","title":{"rendered":"Projets"},"content":{"rendered":"\n<div class=\"wp-block-uagb-container uagb-block-8bcedf4c alignfull uagb-is-root-container\"><div class=\"uagb-container-inner-blocks-wrap\">\n<div class=\"wp-block-uagb-advanced-heading uagb-block-8c10233c\"><h1 class=\"uagb-heading-text\">Projets<\/h1><p class=\"uagb-desc-text\">Valoise sera ravie de vous accompagner durant toutes les \u00e9tapes de votre projet, pour faire de votre int\u00e9rieur le havre de paix dont vous avez toujours r\u00eav\u00e9.<br><\/p><\/div>\n<\/div><\/div>\n\n\n\n<div class=\"wp-block-uagb-container uagb-block-87e8535f alignfull uagb-is-root-container\"><div class=\"uagb-container-inner-blocks-wrap\">\n<div class=\"wp-block-uagb-container uagb-block-436a586d\">\n<div class=\"wp-block-uagb-container uagb-block-43f41f54\">\n<div class=\"wp-block-uagb-advanced-heading uagb-block-81e3008f\"><h3 class=\"uagb-heading-text\">Salon<\/h3><\/div>\n\n\n\n<p>Transformez votre salon en un espace accueillant et styl\u00e9 avec Valoise Am\u00e9nagement ! Faites confiance \u00e0 notre expertise in\u00e9gal\u00e9e pour r\u00e9aliser le salon de vos r\u00eaves.<\/p>\n\n\n\n<p>Avec Valoise Am\u00e9nagement, cr\u00e9ez un salon o\u00f9 confort et \u00e9l\u00e9gance se rencontrent !<\/p>\n\n\n\n<div class=\"wp-block-uagb-icon-list uagb-block-c992112a\"><div class=\"uagb-icon-list__wrap\">\n<div class=\"wp-block-uagb-icon-list-child uagb-block-fe299bbd\"><span class=\"uagb-icon-list__source-wrap\"><svg xmlns=\"https:\/\/www.w3.org\/2000\/svg\" viewBox=\"0 0 256 512\"><path d=\"M118.6 105.4l128 127.1C252.9 239.6 256 247.8 256 255.1s-3.125 16.38-9.375 22.63l-128 127.1c-9.156 9.156-22.91 11.9-34.88 6.943S64 396.9 64 383.1V128c0-12.94 7.781-24.62 19.75-29.58S109.5 96.23 118.6 105.4z\"><\/path><\/svg><\/span><span class=\"uagb-icon-list__label\">Analyse personnalis\u00e9e : Nous comprenons vos besoins et vos contraintes pour un am\u00e9nagement parfaitement adapt\u00e9.<\/span><\/div>\n\n\n\n<div class=\"wp-block-uagb-icon-list-child uagb-block-b36e7922\"><span class=\"uagb-icon-list__source-wrap\"><svg xmlns=\"https:\/\/www.w3.org\/2000\/svg\" viewBox=\"0 0 256 512\"><path d=\"M118.6 105.4l128 127.1C252.9 239.6 256 247.8 256 255.1s-3.125 16.38-9.375 22.63l-128 127.1c-9.156 9.156-22.91 11.9-34.88 6.943S64 396.9 64 383.1V128c0-12.94 7.781-24.62 19.75-29.58S109.5 96.23 118.6 105.4z\"><\/path><\/svg><\/span><span class=\"uagb-icon-list__label\"><strong>Conception sur mesure<\/strong>\u00a0: Plans et esquisses qui refl\u00e8tent votre style et optimisent votre espace.<\/span><\/div>\n\n\n\n<div class=\"wp-block-uagb-icon-list-child uagb-block-51cf65c5\"><span class=\"uagb-icon-list__source-wrap\"><svg xmlns=\"https:\/\/www.w3.org\/2000\/svg\" viewBox=\"0 0 256 512\"><path d=\"M118.6 105.4l128 127.1C252.9 239.6 256 247.8 256 255.1s-3.125 16.38-9.375 22.63l-128 127.1c-9.156 9.156-22.91 11.9-34.88 6.943S64 396.9 64 383.1V128c0-12.94 7.781-24.62 19.75-29.58S109.5 96.23 118.6 105.4z\"><\/path><\/svg><\/span><span class=\"uagb-icon-list__label\"><strong>Mat\u00e9riaux de qualit\u00e9<\/strong>\u00a0: S\u00e9lection des meilleurs meubles et finitions pour allier esth\u00e9tique et durabilit\u00e9.<\/span><\/div>\n\n\n\n<div class=\"wp-block-uagb-icon-list-child uagb-block-e40383cf\"><span class=\"uagb-icon-list__source-wrap\"><svg xmlns=\"https:\/\/www.w3.org\/2000\/svg\" viewBox=\"0 0 256 512\"><path d=\"M118.6 105.4l128 127.1C252.9 239.6 256 247.8 256 255.1s-3.125 16.38-9.375 22.63l-128 127.1c-9.156 9.156-22.91 11.9-34.88 6.943S64 396.9 64 383.1V128c0-12.94 7.781-24.62 19.75-29.58S109.5 96.23 118.6 105.4z\"><\/path><\/svg><\/span><span class=\"uagb-icon-list__label\"><strong>Supervision compl\u00e8te<\/strong>\u00a0: Gestion rigoureuse de chaque \u00e9tape des travaux pour un r\u00e9sultat \u00e0 la hauteur de vos attentes.<\/span><\/div>\n<\/div><\/div>\n<\/div>\n\n\n\n<div data-aos= \"zoom-out-up\" data-aos-duration=\"400\" data-aos-delay=\"0\" data-aos-easing=\"ease\" data-aos-once=\"true\" class=\"wp-block-uagb-image uagb-block-a80effef wp-block-uagb-image--layout-default wp-block-uagb-image--effect-static wp-block-uagb-image--align-none\"><figure class=\"wp-block-uagb-image__figure\"><img decoding=\"async\" srcset=\"https:\/\/valoise-amenagement.ma\/particulier\/wp-content\/uploads\/2020\/06\/two-chairs-with-glass-table-on-living-room.jpg ,https:\/\/valoise-amenagement.ma\/particulier\/wp-content\/uploads\/2020\/06\/two-chairs-with-glass-table-on-living-room.jpg 780w, https:\/\/valoise-amenagement.ma\/particulier\/wp-content\/uploads\/2020\/06\/two-chairs-with-glass-table-on-living-room.jpg 360w\" sizes=\"auto, (max-width: 480px) 150px\" src=\"https:\/\/valoise-amenagement.ma\/particulier\/wp-content\/uploads\/2020\/06\/two-chairs-with-glass-table-on-living-room.jpg\" alt=\"\" class=\"uag-image-373\" width=\"800\" height=\"450\" title=\"\" loading=\"lazy\" role=\"img\"\/><\/figure><\/div>\n<\/div>\n\n\n\n<div class=\"wp-block-uagb-container uagb-block-c46fd7ef\">\n<div class=\"wp-block-uagb-container uagb-block-67eb82a2\">\n<div class=\"wp-block-uagb-advanced-heading uagb-block-7cf086b7\"><h3 class=\"uagb-heading-text\">Chambre \u00e0 coucher<\/h3><p class=\"uagb-desc-text\">Transformez votre chambre \u00e0 coucher en un sanctuaire de d\u00e9tente avec Valoise Am\u00e9nagement ! Faites confiance \u00e0 notre expertise in\u00e9gal\u00e9e pour r\u00e9aliser la chambre de vos r\u00eaves.<\/p><\/div>\n\n\n\n<p>Avec Valoise Am\u00e9nagement, cr\u00e9ez une chambre \u00e0 coucher qui vous invite \u00e0 la s\u00e9r\u00e9nit\u00e9 !<\/p>\n\n\n\n<div class=\"wp-block-uagb-icon-list uagb-block-36803d10\"><div class=\"uagb-icon-list__wrap\">\n<div class=\"wp-block-uagb-icon-list-child uagb-block-ee259f09\"><span class=\"uagb-icon-list__source-wrap\"><svg xmlns=\"https:\/\/www.w3.org\/2000\/svg\" viewBox=\"0 0 256 512\"><path d=\"M118.6 105.4l128 127.1C252.9 239.6 256 247.8 256 255.1s-3.125 16.38-9.375 22.63l-128 127.1c-9.156 9.156-22.91 11.9-34.88 6.943S64 396.9 64 383.1V128c0-12.94 7.781-24.62 19.75-29.58S109.5 96.23 118.6 105.4z\"><\/path><\/svg><\/span><span class=\"uagb-icon-list__label\">Analyse personnalis\u00e9e : Compr\u00e9hension approfondie de vos besoins pour un espace reposant et fonctionnel.\u200b<\/span><\/div>\n\n\n\n<div class=\"wp-block-uagb-icon-list-child uagb-block-1b774de6\"><span class=\"uagb-icon-list__source-wrap\"><svg xmlns=\"https:\/\/www.w3.org\/2000\/svg\" viewBox=\"0 0 256 512\"><path d=\"M118.6 105.4l128 127.1C252.9 239.6 256 247.8 256 255.1s-3.125 16.38-9.375 22.63l-128 127.1c-9.156 9.156-22.91 11.9-34.88 6.943S64 396.9 64 383.1V128c0-12.94 7.781-24.62 19.75-29.58S109.5 96.23 118.6 105.4z\"><\/path><\/svg><\/span><span class=\"uagb-icon-list__label\">Conception sur mesure : Plans et esquisses adapt\u00e9s \u00e0 votre style et \u00e0 la configuration de votre chambre.\u200b<\/span><\/div>\n\n\n\n<div class=\"wp-block-uagb-icon-list-child uagb-block-0a43de28\"><span class=\"uagb-icon-list__source-wrap\"><svg xmlns=\"https:\/\/www.w3.org\/2000\/svg\" viewBox=\"0 0 256 512\"><path d=\"M118.6 105.4l128 127.1C252.9 239.6 256 247.8 256 255.1s-3.125 16.38-9.375 22.63l-128 127.1c-9.156 9.156-22.91 11.9-34.88 6.943S64 396.9 64 383.1V128c0-12.94 7.781-24.62 19.75-29.58S109.5 96.23 118.6 105.4z\"><\/path><\/svg><\/span><span class=\"uagb-icon-list__label\"><strong>Mat\u00e9riaux de qualit\u00e9<\/strong>\u00a0: S\u00e9lection des meilleurs \u00e9l\u00e9ments pour allier confort et esth\u00e9tique.\u200b<\/span><\/div>\n\n\n\n<div class=\"wp-block-uagb-icon-list-child uagb-block-15faa13a\"><span class=\"uagb-icon-list__source-wrap\"><svg xmlns=\"https:\/\/www.w3.org\/2000\/svg\" viewBox=\"0 0 256 512\"><path d=\"M118.6 105.4l128 127.1C252.9 239.6 256 247.8 256 255.1s-3.125 16.38-9.375 22.63l-128 127.1c-9.156 9.156-22.91 11.9-34.88 6.943S64 396.9 64 383.1V128c0-12.94 7.781-24.62 19.75-29.58S109.5 96.23 118.6 105.4z\"><\/path><\/svg><\/span><span class=\"uagb-icon-list__label\">Supervision compl\u00e8te : Gestion rigoureuse de chaque \u00e9tape des travaux pour un r\u00e9sultat impeccable.<\/span><\/div>\n<\/div><\/div>\n<\/div>\n\n\n\n<div data-aos= \"zoom-out-up\" data-aos-duration=\"400\" data-aos-delay=\"0\" data-aos-easing=\"ease\" data-aos-once=\"true\" class=\"wp-block-uagb-image uagb-block-0cb31ef5 wp-block-uagb-image--layout-default wp-block-uagb-image--effect-static wp-block-uagb-image--align-none\"><figure class=\"wp-block-uagb-image__figure\"><img decoding=\"async\" srcset=\"https:\/\/valoise-amenagement.ma\/particulier\/wp-content\/uploads\/2020\/06\/bed-with-white-bed-sheet-and-pillowcase-set.jpg ,https:\/\/valoise-amenagement.ma\/particulier\/wp-content\/uploads\/2020\/06\/bed-with-white-bed-sheet-and-pillowcase-set.jpg 780w, https:\/\/valoise-amenagement.ma\/particulier\/wp-content\/uploads\/2020\/06\/bed-with-white-bed-sheet-and-pillowcase-set.jpg 360w\" sizes=\"auto, (max-width: 480px) 150px\" src=\"https:\/\/valoise-amenagement.ma\/particulier\/wp-content\/uploads\/2020\/06\/bed-with-white-bed-sheet-and-pillowcase-set.jpg\" alt=\"\" class=\"uag-image-548\" width=\"800\" height=\"450\" title=\"\" loading=\"lazy\" role=\"img\"\/><\/figure><\/div>\n<\/div>\n\n\n\n<div class=\"wp-block-uagb-container uagb-block-7ed9473e\">\n<div class=\"wp-block-uagb-container uagb-block-ab0928e5\">\n<div class=\"wp-block-uagb-advanced-heading uagb-block-58fabc2c\"><h3 class=\"uagb-heading-text\">Habillage Mural TV<\/h3><p class=\"uagb-desc-text\">Transformez votre espace avec un habillage mural TV \u00e9l\u00e9gant et fonctionnel gr\u00e2ce \u00e0 Valoise Am\u00e9nagement !<\/p><\/div>\n\n\n\n<p>Avec Valoise Am\u00e9nagement, cr\u00e9ez un habillage mural TV qui allie modernit\u00e9 et praticit\u00e9, tout en sublimant votre espace de vie !<\/p>\n\n\n\n<div class=\"wp-block-uagb-icon-list uagb-block-28b71981\"><div class=\"uagb-icon-list__wrap\">\n<div class=\"wp-block-uagb-icon-list-child uagb-block-00e03832\"><span class=\"uagb-icon-list__source-wrap\"><svg xmlns=\"https:\/\/www.w3.org\/2000\/svg\" viewBox=\"0 0 256 512\"><path d=\"M118.6 105.4l128 127.1C252.9 239.6 256 247.8 256 255.1s-3.125 16.38-9.375 22.63l-128 127.1c-9.156 9.156-22.91 11.9-34.88 6.943S64 396.9 64 383.1V128c0-12.94 7.781-24.62 19.75-29.58S109.5 96.23 118.6 105.4z\"><\/path><\/svg><\/span><span class=\"uagb-icon-list__label\">Analyse personnalis\u00e9e : \u00c9valuation de vos besoins et de l\u2019agencement de votre pi\u00e8ce pour un design harmonieux.<\/span><\/div>\n\n\n\n<div class=\"wp-block-uagb-icon-list-child uagb-block-00d818d0\"><span class=\"uagb-icon-list__source-wrap\"><svg xmlns=\"https:\/\/www.w3.org\/2000\/svg\" viewBox=\"0 0 256 512\"><path d=\"M118.6 105.4l128 127.1C252.9 239.6 256 247.8 256 255.1s-3.125 16.38-9.375 22.63l-128 127.1c-9.156 9.156-22.91 11.9-34.88 6.943S64 396.9 64 383.1V128c0-12.94 7.781-24.62 19.75-29.58S109.5 96.23 118.6 105.4z\"><\/path><\/svg><\/span><span class=\"uagb-icon-list__label\">Conception sur mesure : Plans et esquisses adapt\u00e9s \u00e0 votre style et \u00e0 la configuration de votre espace, int\u00e9grant des rangements astucieux.<\/span><\/div>\n\n\n\n<div class=\"wp-block-uagb-icon-list-child uagb-block-d4def2e3\"><span class=\"uagb-icon-list__source-wrap\"><svg xmlns=\"https:\/\/www.w3.org\/2000\/svg\" viewBox=\"0 0 256 512\"><path d=\"M118.6 105.4l128 127.1C252.9 239.6 256 247.8 256 255.1s-3.125 16.38-9.375 22.63l-128 127.1c-9.156 9.156-22.91 11.9-34.88 6.943S64 396.9 64 383.1V128c0-12.94 7.781-24.62 19.75-29.58S109.5 96.23 118.6 105.4z\"><\/path><\/svg><\/span><span class=\"uagb-icon-list__label\">Mat\u00e9riaux de qualit\u00e9 : S\u00e9lection de mat\u00e9riaux esth\u00e9tiques et durables pour un habillage qui s&rsquo;int\u00e8gre parfaitement \u00e0 votre int\u00e9rieur.<\/span><\/div>\n\n\n\n<div class=\"wp-block-uagb-icon-list-child uagb-block-bf2b6808\"><span class=\"uagb-icon-list__source-wrap\"><svg xmlns=\"https:\/\/www.w3.org\/2000\/svg\" viewBox=\"0 0 256 512\"><path d=\"M118.6 105.4l128 127.1C252.9 239.6 256 247.8 256 255.1s-3.125 16.38-9.375 22.63l-128 127.1c-9.156 9.156-22.91 11.9-34.88 6.943S64 396.9 64 383.1V128c0-12.94 7.781-24.62 19.75-29.58S109.5 96.23 118.6 105.4z\"><\/path><\/svg><\/span><span class=\"uagb-icon-list__label\">Supervision compl\u00e8te : Gestion rigoureuse de chaque \u00e9tape du projet pour garantir une installation impeccable.<\/span><\/div>\n<\/div><\/div>\n<\/div>\n\n\n\n<div data-aos= \"zoom-out-up\" data-aos-duration=\"400\" data-aos-delay=\"0\" data-aos-easing=\"ease\" data-aos-once=\"true\" class=\"wp-block-uagb-image uagb-block-330ec853 wp-block-uagb-image--layout-default wp-block-uagb-image--effect-static wp-block-uagb-image--align-none\"><figure class=\"wp-block-uagb-image__figure\"><img decoding=\"async\" srcset=\"https:\/\/valoise-amenagement.ma\/particulier\/wp-content\/uploads\/2024\/10\/Habillage-mural-tv.jpg ,https:\/\/valoise-amenagement.ma\/particulier\/wp-content\/uploads\/2024\/10\/Habillage-mural-tv.jpg 780w, https:\/\/valoise-amenagement.ma\/particulier\/wp-content\/uploads\/2024\/10\/Habillage-mural-tv.jpg 360w\" sizes=\"auto, (max-width: 480px) 150px\" src=\"https:\/\/valoise-amenagement.ma\/particulier\/wp-content\/uploads\/2024\/10\/Habillage-mural-tv.jpg\" alt=\"\" class=\"uag-image-1693\" width=\"800\" height=\"450\" title=\"Habillage mural tv\" loading=\"lazy\" role=\"img\"\/><\/figure><\/div>\n<\/div>\n\n\n\n<div class=\"wp-block-uagb-container uagb-block-cdc4a452\">\n<div class=\"wp-block-uagb-container uagb-block-eed789fa\">\n<div class=\"wp-block-uagb-advanced-heading uagb-block-9bcf5501\"><h3 class=\"uagb-heading-text\">Salon Marocain<\/h3><p class=\"uagb-desc-text\">Transformez votre salon en un espace marocain chaleureux et accueillant avec Valoise Am\u00e9nagement !<\/p><\/div>\n\n\n\n<p>Avec Valoise Am\u00e9nagement, cr\u00e9ez un salon marocain qui invite \u00e0 la convivialit\u00e9, \u00e0 l\u2019\u00e9vasion et \u00e0 la beaut\u00e9 des tissus raffin\u00e9s !<\/p>\n\n\n\n<div class=\"wp-block-uagb-icon-list uagb-block-8970ecd7\"><div class=\"uagb-icon-list__wrap\">\n<div class=\"wp-block-uagb-icon-list-child uagb-block-146e9b52\"><span class=\"uagb-icon-list__source-wrap\"><svg xmlns=\"https:\/\/www.w3.org\/2000\/svg\" viewBox=\"0 0 256 512\"><path d=\"M118.6 105.4l128 127.1C252.9 239.6 256 247.8 256 255.1s-3.125 16.38-9.375 22.63l-128 127.1c-9.156 9.156-22.91 11.9-34.88 6.943S64 396.9 64 383.1V128c0-12.94 7.781-24.62 19.75-29.58S109.5 96.23 118.6 105.4z\"><\/path><\/svg><\/span><span class=\"uagb-icon-list__label\">Analyse personnalis\u00e9e : \u00c9valuation de vos pr\u00e9f\u00e9rences et de l\u2019ambiance souhait\u00e9e pour un salon authentique.<\/span><\/div>\n\n\n\n<div class=\"wp-block-uagb-icon-list-child uagb-block-9b792b5b\"><span class=\"uagb-icon-list__source-wrap\"><svg xmlns=\"https:\/\/www.w3.org\/2000\/svg\" viewBox=\"0 0 256 512\"><path d=\"M118.6 105.4l128 127.1C252.9 239.6 256 247.8 256 255.1s-3.125 16.38-9.375 22.63l-128 127.1c-9.156 9.156-22.91 11.9-34.88 6.943S64 396.9 64 383.1V128c0-12.94 7.781-24.62 19.75-29.58S109.5 96.23 118.6 105.4z\"><\/path><\/svg><\/span><span class=\"uagb-icon-list__label\">Conception sur mesure : Plans et esquisses int\u00e9grant des \u00e9l\u00e9ments traditionnels et modernes, adapt\u00e9s \u00e0 votre espace.<\/span><\/div>\n\n\n\n<div class=\"wp-block-uagb-icon-list-child uagb-block-19859925\"><span class=\"uagb-icon-list__source-wrap\"><svg xmlns=\"https:\/\/www.w3.org\/2000\/svg\" viewBox=\"0 0 256 512\"><path d=\"M118.6 105.4l128 127.1C252.9 239.6 256 247.8 256 255.1s-3.125 16.38-9.375 22.63l-128 127.1c-9.156 9.156-22.91 11.9-34.88 6.943S64 396.9 64 383.1V128c0-12.94 7.781-24.62 19.75-29.58S109.5 96.23 118.6 105.4z\"><\/path><\/svg><\/span><span class=\"uagb-icon-list__label\">Mat\u00e9riaux de qualit\u00e9 : S\u00e9lection de mat\u00e9riaux typiques, comme le zellige, le bois sculpt\u00e9 et des tissus riches, pour une esth\u00e9tique v\u00e9ritablement marocaine.\u200b\u200b<\/span><\/div>\n\n\n\n<div class=\"wp-block-uagb-icon-list-child uagb-block-e83e9e9d\"><span class=\"uagb-icon-list__source-wrap\"><svg xmlns=\"https:\/\/www.w3.org\/2000\/svg\" viewBox=\"0 0 256 512\"><path d=\"M118.6 105.4l128 127.1C252.9 239.6 256 247.8 256 255.1s-3.125 16.38-9.375 22.63l-128 127.1c-9.156 9.156-22.91 11.9-34.88 6.943S64 396.9 64 383.1V128c0-12.94 7.781-24.62 19.75-29.58S109.5 96.23 118.6 105.4z\"><\/path><\/svg><\/span><span class=\"uagb-icon-list__label\">Supervision compl\u00e8te : Gestion rigoureuse de chaque \u00e9tape pour garantir une r\u00e9alisation impeccable et fid\u00e8le \u00e0 votre vision.<\/span><\/div>\n<\/div><\/div>\n<\/div>\n\n\n\n<div data-aos= \"zoom-out-up\" data-aos-duration=\"400\" data-aos-delay=\"0\" data-aos-easing=\"ease\" data-aos-once=\"true\" class=\"wp-block-uagb-image uagb-block-5e1552dd wp-block-uagb-image--layout-default wp-block-uagb-image--effect-static wp-block-uagb-image--align-none\"><figure class=\"wp-block-uagb-image__figure\"><img decoding=\"async\" srcset=\"https:\/\/valoise-amenagement.ma\/particulier\/wp-content\/uploads\/2024\/10\/Salon-marocain-moderne.jpg ,https:\/\/valoise-amenagement.ma\/particulier\/wp-content\/uploads\/2024\/10\/Salon-marocain-moderne.jpg 780w, https:\/\/valoise-amenagement.ma\/particulier\/wp-content\/uploads\/2024\/10\/Salon-marocain-moderne.jpg 360w\" sizes=\"auto, (max-width: 480px) 150px\" src=\"https:\/\/valoise-amenagement.ma\/particulier\/wp-content\/uploads\/2024\/10\/Salon-marocain-moderne.jpg\" alt=\"\" class=\"uag-image-1691\" width=\"800\" height=\"450\" title=\"Salon-marocain-moderne\" loading=\"lazy\" role=\"img\"\/><\/figure><\/div>\n<\/div>\n\n\n\n<div class=\"wp-block-uagb-container uagb-block-5c9f43cc\">\n<div class=\"wp-block-uagb-container uagb-block-d4e2a1b4\">\n<div class=\"wp-block-uagb-advanced-heading uagb-block-f8dc765c\"><h3 class=\"uagb-heading-text\">Bureau<\/h3><p class=\"uagb-desc-text\">Transformez votre bureau en un espace de travail inspirant avec Valoise Am\u00e9nagement ! Faites confiance \u00e0 notre expertise in\u00e9gal\u00e9e pour r\u00e9aliser le bureau de vos r\u00eaves.<br><\/p><\/div>\n\n\n\n<p>Avec Valoise Am\u00e9nagement, cr\u00e9ez un bureau qui stimule votre productivit\u00e9 et votre cr\u00e9ativit\u00e9 !<\/p>\n\n\n\n<div class=\"wp-block-uagb-icon-list uagb-block-3cab2fc8\"><div class=\"uagb-icon-list__wrap\">\n<div class=\"wp-block-uagb-icon-list-child uagb-block-af7d8df7\"><span class=\"uagb-icon-list__source-wrap\"><svg xmlns=\"https:\/\/www.w3.org\/2000\/svg\" viewBox=\"0 0 256 512\"><path d=\"M118.6 105.4l128 127.1C252.9 239.6 256 247.8 256 255.1s-3.125 16.38-9.375 22.63l-128 127.1c-9.156 9.156-22.91 11.9-34.88 6.943S64 396.9 64 383.1V128c0-12.94 7.781-24.62 19.75-29.58S109.5 96.23 118.6 105.4z\"><\/path><\/svg><\/span><span class=\"uagb-icon-list__label\"><strong>Analyse personnalis\u00e9e<\/strong>\u00a0: Compr\u00e9hension approfondie de vos besoins et contraintes.<\/span><\/div>\n\n\n\n<div class=\"wp-block-uagb-icon-list-child uagb-block-5fa4ee26\"><span class=\"uagb-icon-list__source-wrap\"><svg xmlns=\"https:\/\/www.w3.org\/2000\/svg\" viewBox=\"0 0 256 512\"><path d=\"M118.6 105.4l128 127.1C252.9 239.6 256 247.8 256 255.1s-3.125 16.38-9.375 22.63l-128 127.1c-9.156 9.156-22.91 11.9-34.88 6.943S64 396.9 64 383.1V128c0-12.94 7.781-24.62 19.75-29.58S109.5 96.23 118.6 105.4z\"><\/path><\/svg><\/span><span class=\"uagb-icon-list__label\"><strong>Conception sur mesure<\/strong> : Plans et esquisses adapt\u00e9s \u00e0 votre espace et \u00e0 vos pr\u00e9f\u00e9rences.<\/span><\/div>\n\n\n\n<div class=\"wp-block-uagb-icon-list-child uagb-block-bd972488\"><span class=\"uagb-icon-list__source-wrap\"><svg xmlns=\"https:\/\/www.w3.org\/2000\/svg\" viewBox=\"0 0 256 512\"><path d=\"M118.6 105.4l128 127.1C252.9 239.6 256 247.8 256 255.1s-3.125 16.38-9.375 22.63l-128 127.1c-9.156 9.156-22.91 11.9-34.88 6.943S64 396.9 64 383.1V128c0-12.94 7.781-24.62 19.75-29.58S109.5 96.23 118.6 105.4z\"><\/path><\/svg><\/span><span class=\"uagb-icon-list__label\"><strong>Mat\u00e9riaux de qualit\u00e9<\/strong> : S\u00e9lection des meilleurs meubles et finitions pour un environnement durable et \u00e9l\u00e9gant.\u200b<\/span><\/div>\n\n\n\n<div class=\"wp-block-uagb-icon-list-child uagb-block-fe8d269b\"><span class=\"uagb-icon-list__source-wrap\"><svg xmlns=\"https:\/\/www.w3.org\/2000\/svg\" viewBox=\"0 0 256 512\"><path d=\"M118.6 105.4l128 127.1C252.9 239.6 256 247.8 256 255.1s-3.125 16.38-9.375 22.63l-128 127.1c-9.156 9.156-22.91 11.9-34.88 6.943S64 396.9 64 383.1V128c0-12.94 7.781-24.62 19.75-29.58S109.5 96.23 118.6 105.4z\"><\/path><\/svg><\/span><span class=\"uagb-icon-list__label\"><strong>Supervision compl\u00e8te<\/strong> : Gestion rigoureuse de chaque \u00e9tape des travaux pour un r\u00e9sultat optimal.<\/span><\/div>\n<\/div><\/div>\n<\/div>\n\n\n\n<div data-aos= \"zoom-out-up\" data-aos-duration=\"400\" data-aos-delay=\"0\" data-aos-easing=\"ease\" data-aos-once=\"true\" class=\"wp-block-uagb-image uagb-block-1622bdd7 wp-block-uagb-image--layout-default wp-block-uagb-image--effect-static wp-block-uagb-image--align-none\"><figure class=\"wp-block-uagb-image__figure\"><img decoding=\"async\" srcset=\"https:\/\/valoise-amenagement.ma\/particulier\/wp-content\/uploads\/2020\/06\/business-clean-computer-connection.jpg ,https:\/\/valoise-amenagement.ma\/particulier\/wp-content\/uploads\/2020\/06\/business-clean-computer-connection.jpg 780w\" sizes=\"auto, (max-width: 480px) 150px\" src=\"https:\/\/valoise-amenagement.ma\/particulier\/wp-content\/uploads\/2020\/06\/business-clean-computer-connection.jpg\" alt=\"\" class=\"uag-image-558\" width=\"800\" height=\"450\" title=\"\" loading=\"lazy\" role=\"img\"\/><\/figure><\/div>\n<\/div>\n<\/div><\/div>\n","protected":false},"excerpt":{"rendered":"<p>Projets Valoise sera ravie de vous accompagner durant toutes les \u00e9tapes de votre projet, pour faire de votre int\u00e9rieur le havre de paix dont vous avez toujours r\u00eav\u00e9. Salon Transformez votre salon en un espace accueillant et styl\u00e9 avec Valoise Am\u00e9nagement ! Faites confiance \u00e0 notre expertise in\u00e9gal\u00e9e pour r\u00e9aliser le salon de vos r\u00eaves. [&hellip;]<\/p>\n","protected":false},"author":1,"featured_media":0,"parent":0,"menu_order":0,"comment_status":"closed","ping_status":"closed","template":"","meta":{"_uag_custom_page_level_css":"","site-sidebar-layout":"no-sidebar","site-content-layout":"plain-container","ast-site-content-layout":"normal-width-container","site-content-style":"unboxed","site-sidebar-style":"unboxed","ast-global-header-display":"","ast-banner-title-visibility":"","ast-main-header-display":"","ast-hfb-above-header-display":"","ast-hfb-below-header-display":"","ast-hfb-mobile-header-display":"","site-post-title":"disabled","ast-breadcrumbs-content":"","ast-featured-img":"disabled","footer-sml-layout":"","theme-transparent-header-meta":"enabled","adv-header-id-meta":"","stick-header-meta":"","header-above-stick-meta":"","header-main-stick-meta":"","header-below-stick-meta":"","astra-migrate-meta-layouts":"set","ast-page-background-enabled":"default","ast-page-background-meta":{"desktop":{"background-color":"","background-image":"","background-repeat":"repeat","background-position":"center center","background-size":"auto","background-attachment":"scroll","background-type":"","background-media":"","overlay-type":"","overlay-color":"","overlay-opacity":"","overlay-gradient":""},"tablet":{"background-color":"","background-image":"","background-repeat":"repeat","background-position":"center center","background-size":"auto","background-attachment":"scroll","background-type":"","background-media":"","overlay-type":"","overlay-color":"","overlay-opacity":"","overlay-gradient":""},"mobile":{"background-color":"","background-image":"","background-repeat":"repeat","background-position":"center center","background-size":"auto","background-attachment":"scroll","background-type":"","background-media":"","overlay-type":"","overlay-color":"","overlay-opacity":"","overlay-gradient":""}},"ast-content-background-meta":{"desktop":{"background-color":"var(--ast-global-color-5)","background-image":"","background-repeat":"repeat","background-position":"center center","background-size":"auto","background-attachment":"scroll","background-type":"","background-media":"","overlay-type":"","overlay-color":"","overlay-opacity":"","overlay-gradient":""},"tablet":{"background-color":"var(--ast-global-color-5)","background-image":"","background-repeat":"repeat","background-position":"center center","background-size":"auto","background-attachment":"scroll","background-type":"","background-media":"","overlay-type":"","overlay-color":"","overlay-opacity":"","overlay-gradient":""},"mobile":{"background-color":"var(--ast-global-color-5)","background-image":"","background-repeat":"repeat","background-position":"center center","background-size":"auto","background-attachment":"scroll","background-type":"","background-media":"","overlay-type":"","overlay-color":"","overlay-opacity":"","overlay-gradient":""}},"footnotes":""},"class_list":["post-691","page","type-page","status-publish","hentry"],"uagb_featured_image_src":{"full":false,"thumbnail":false,"medium":false,"medium_large":false,"large":false,"1536x1536":false,"2048x2048":false},"uagb_author_info":{"display_name":"admin","author_link":"https:\/\/valoise-amenagement.ma\/particulier\/author\/admin\/"},"uagb_comment_info":0,"uagb_excerpt":"Projets Valoise sera ravie de vous accompagner durant toutes les \u00e9tapes de votre projet, pour faire de votre int\u00e9rieur le havre de paix dont vous avez toujours r\u00eav\u00e9. Salon Transformez votre salon en un espace accueillant et styl\u00e9 avec Valoise Am\u00e9nagement ! Faites confiance \u00e0 notre expertise in\u00e9gal\u00e9e pour r\u00e9aliser le salon de vos r\u00eaves.\u2026","_links":{"self":[{"href":"https:\/\/valoise-amenagement.ma\/particulier\/wp-json\/wp\/v2\/pages\/691","targetHints":{"allow":["GET"]}}],"collection":[{"href":"https:\/\/valoise-amenagement.ma\/particulier\/wp-json\/wp\/v2\/pages"}],"about":[{"href":"https:\/\/valoise-amenagement.ma\/particulier\/wp-json\/wp\/v2\/types\/page"}],"author":[{"embeddable":true,"href":"https:\/\/valoise-amenagement.ma\/particulier\/wp-json\/wp\/v2\/users\/1"}],"replies":[{"embeddable":true,"href":"https:\/\/valoise-amenagement.ma\/particulier\/wp-json\/wp\/v2\/comments?post=691"}],"version-history":[{"count":13,"href":"https:\/\/valoise-amenagement.ma\/particulier\/wp-json\/wp\/v2\/pages\/691\/revisions"}],"predecessor-version":[{"id":1695,"href":"https:\/\/valoise-amenagement.ma\/particulier\/wp-json\/wp\/v2\/pages\/691\/revisions\/1695"}],"wp:attachment":[{"href":"https:\/\/valoise-amenagement.ma\/particulier\/wp-json\/wp\/v2\/media?parent=691"}],"curies":[{"name":"wp","href":"https:\/\/api.w.org\/{rel}","templated":true}]}}