{"id":690,"date":"2024-09-28T15:49:10","date_gmt":"2024-09-28T15:49:10","guid":{"rendered":"https:\/\/valoise-amenagement.ma\/particulier\/services\/"},"modified":"2024-09-28T17:17:24","modified_gmt":"2024-09-28T17:17:24","slug":"services","status":"publish","type":"page","link":"https:\/\/valoise-amenagement.ma\/particulier\/services\/","title":{"rendered":"Services"},"content":{"rendered":"\n<div class=\"wp-block-uagb-container uagb-block-d074255c alignfull uagb-is-root-container\"><div class=\"uagb-container-inner-blocks-wrap\">\n<div class=\"wp-block-uagb-advanced-heading uagb-block-eaaaeb64\"><h1 class=\"uagb-heading-text\">Services\u200b<\/h1><p class=\"uagb-desc-text\">Porte, Dressing, Habillage et meuble tv, R\u00e9ception et s\u00e9jour, Chambre a coucher, Salle a manger, Salon Marocain Porte, Dressing, Habillage et meuble tv, R\u00e9ception et s\u00e9jour, Chambre a coucher, Salle a manger, Salon Marocain Porte, Dressing, Habillage et meuble TV, R\u00e9ception et s\u00e9jour, Chambre \u00e0 coucher, Salle \u00e0 manger, Salon Marocain<br><\/p><\/div>\n<\/div><\/div>\n\n\n\n<div class=\"wp-block-uagb-container uagb-block-caf7e383 alignfull uagb-is-root-container\"><div class=\"uagb-container-inner-blocks-wrap\">\n<div class=\"wp-block-uagb-container uagb-block-c2aa4a3c\">\n<div class=\"wp-block-uagb-advanced-heading uagb-block-fcddc946\"><h3 class=\"uagb-heading-text\">L\u2019am\u00e9nagement d\u2019int\u00e9rieur haut de gamme<\/h3><p class=\"uagb-desc-text\">Avec plus de 15 ans d\u2019expertise dans le secteur de l\u2019am\u00e9nagement int\u00e9rieur de luxe, Valoise a su surmonter tous les d\u00e9fis pour s\u2019imposer comme un acteur incontournable sur le march\u00e9 marocain. L\u2019\u00e9quipe d\u2019architectes d\u2019int\u00e9rieur de Valoise se fera un plaisir de vous accompagner \u00e0 chaque \u00e9tape de votre projet, afin de transformer votre espace en le havre de s\u00e9r\u00e9nit\u00e9 que vous avez toujours imagin\u00e9.<\/p><\/div>\n\n\n\n<p>Chez Valoise, notre objectif est de rendre la d\u00e9coration d\u2019int\u00e9rieur accessible \u00e0 tous en offrant un service d\u2019accompagnement adapt\u00e9 \u00e0 la sp\u00e9cificit\u00e9 de chaque projet, quel que soit votre emplacement et votre budget. Nous \u00e9liminons les obstacles traditionnels li\u00e9s aux co\u00fbts et aux d\u00e9lais gr\u00e2ce \u00e0 des formules flexibles con\u00e7ues pour s\u2019adapter \u00e0 tous les budgets.<\/p>\n<\/div>\n\n\n\n<div class=\"wp-block-uagb-container uagb-block-6be9d90e\">\n<div class=\"wp-block-uagb-image uagb-block-336e511d wp-block-uagb-image--layout-default wp-block-uagb-image--effect-static wp-block-uagb-image--align-none\"><figure class=\"wp-block-uagb-image__figure\"><img decoding=\"async\" srcset=\"https:\/\/valoise-amenagement.ma\/particulier\/wp-content\/uploads\/2020\/06\/gray-dining-table-under-pendant-lamps.jpg , https:\/\/valoise-amenagement.ma\/particulier\/wp-content\/uploads\/2020\/06\/gray-dining-table-under-pendant-lamps.jpg 360w\" sizes=\"auto, (max-width: 480px) 150px\" src=\"https:\/\/valoise-amenagement.ma\/particulier\/wp-content\/uploads\/2020\/06\/gray-dining-table-under-pendant-lamps.jpg\" alt=\"\" class=\"uag-image-501\" width=\"400\" height=\"500\" title=\"\" loading=\"lazy\" role=\"img\"\/><\/figure><\/div>\n<\/div>\n<\/div><\/div>\n\n\n\n<div class=\"wp-block-uagb-container uagb-block-98817835 alignfull uagb-is-root-container\"><div class=\"uagb-container-inner-blocks-wrap\">\n<div class=\"wp-block-uagb-advanced-heading uagb-block-0b207ee7\"><h3 class=\"uagb-heading-text\">Notre Expertise\u200b<\/h3><\/div>\n\n\n\n<div class=\"wp-block-uagb-container uagb-layout-grid uagb-block-9e4c5d71\">\n<div class=\"wp-block-uagb-info-box uagb-block-547a35f7 uagb-infobox__content-wrap  uagb-infobox-icon-above-title uagb-infobox-image-valign-top\"><div class=\"uagb-ifb-content\"><div class=\"uagb-ifb-title-wrap\"><span class=\"uagb-ifb-title-prefix\">01.<\/span><h4 class=\"uagb-ifb-title\">Premi\u00e8re rencontre et analyse des besoins<\/h4><\/div><p class=\"uagb-ifb-desc\">Nous rencontrons nos clients afin de cerner leurs besoins, leurs objectifs, leur budget et les \u00e9ventuelles contraintes. Nous effectuons des mesures de l\u2019espace et recueillons des d\u00e9tails sur leur mode de vie et leurs go\u00fbts personnels.<br><\/p><\/div><\/div>\n\n\n\n<div class=\"wp-block-uagb-info-box uagb-block-0c6ac32a uagb-infobox__content-wrap  uagb-infobox-icon-above-title uagb-infobox-image-valign-top\"><div class=\"uagb-ifb-content\"><div class=\"uagb-ifb-title-wrap\"><span class=\"uagb-ifb-title-prefix\">02.<\/span><h4 class=\"uagb-ifb-title\">\u00c9laboration du concept<\/h4><\/div><p class=\"uagb-ifb-desc\">Nous \u00e9laborons un concept bas\u00e9 sur les informations recueillies lors de notre premi\u00e8re rencontre. Nous pr\u00e9sentons des plans, des croquis et des images de r\u00e9f\u00e9rence pour illustrer l\u2019apparence finale de l\u2019espace. En collaboration avec nos clients, nous discutons des id\u00e9es et apportons des ajustements si n\u00e9cessaire.<br><\/p><\/div><\/div>\n\n\n\n<div class=\"wp-block-uagb-info-box uagb-block-b8341c92 uagb-infobox__content-wrap  uagb-infobox-icon-above-title uagb-infobox-image-valign-top\"><div class=\"uagb-ifb-content\"><div class=\"uagb-ifb-title-wrap\"><span class=\"uagb-ifb-title-prefix\">03.<\/span><h4 class=\"uagb-ifb-title\">Expos\u00e9 et validation<\/h4><\/div><p class=\"uagb-ifb-desc\">Nous soumettons \u00e0 nos clients un plan d\u00e9taill\u00e9 int\u00e9grant toutes les s\u00e9lections et sp\u00e9cifications. Nous examinons ensemble les choix effectu\u00e9s et validons l\u2019ensemble du projet avant de progresser vers l\u2019\u00e9tape suivante.<br><\/p><\/div><\/div>\n\n\n\n<div class=\"wp-block-uagb-info-box uagb-block-71d9e5b6 uagb-infobox__content-wrap  uagb-infobox-icon-above-title uagb-infobox-image-valign-top\"><div class=\"uagb-ifb-content\"><div class=\"uagb-ifb-title-wrap\"><span class=\"uagb-ifb-title-prefix\">04.<\/span><h4 class=\"uagb-ifb-title\">R\u00e9alisation et coordination<\/h4><\/div><p class=\"uagb-ifb-desc\">Nous assurons la coordination des diff\u00e9rentes phases du projet, y compris les travaux de construction, l\u2019acquisition de mobilier et d\u2019accessoires, la gestion des d\u00e9lais et du budget, ainsi que la supervision des chantiers pour garantir le bon d\u00e9roulement de l\u2019ensemble.<br><\/p><\/div><\/div>\n\n\n\n<div class=\"wp-block-uagb-info-box uagb-block-984d1d4c uagb-infobox__content-wrap  uagb-infobox-icon-above-title uagb-infobox-image-valign-top\"><div class=\"uagb-ifb-content\"><div class=\"uagb-ifb-title-wrap\"><span class=\"uagb-ifb-title-prefix\">05.<\/span><h4 class=\"uagb-ifb-title\">Finition et stylisation<\/h4><\/div><p class=\"uagb-ifb-desc\">Nous apportons les touches finales \u00e0 l\u2019espace en int\u00e9grant des \u00e9l\u00e9ments de stylisme tels que des \u0153uvres d\u2019art, des plantes, des coussins d\u00e9coratifs et des luminaires d\u2019appoint. Cela contribue \u00e0 cr\u00e9er une ambiance chaleureuse et accueillante.<br><\/p><\/div><\/div>\n\n\n\n<div class=\"wp-block-uagb-info-box uagb-block-b1905e06 uagb-infobox__content-wrap  uagb-infobox-icon-above-title uagb-infobox-image-valign-top\"><div class=\"uagb-ifb-content\"><div class=\"uagb-ifb-title-wrap\"><span class=\"uagb-ifb-title-prefix\">00.<\/span><h4 class=\"uagb-ifb-title\">Finalisation et livraison<br><a href=\"https:\/\/techvalue.sbs\/particulier\/services\/#\"><\/a><\/h4><\/div><div class=\"uagb-ifb-button-wrapper wp-block-button\"><a href=\"#\" target=\"_self\" onclick=\"return false;\" class=\"uagb-infobox-cta-link\" rel=\"noopener noreferrer\"><span class=\"uagb-inline-editing\">Plus<\/span><svg xmlns=\"https:\/\/www.w3.org\/2000\/svg\" viewBox=\"0 0 512 512\"><path d=\"M504.3 273.6l-112.1 104c-6.992 6.484-17.18 8.218-25.94 4.406c-8.758-3.812-14.42-12.45-14.42-21.1L351.9 288H32C14.33 288 .0002 273.7 .0002 255.1S14.33 224 32 224h319.9l0-72c0-9.547 5.66-18.19 14.42-22c8.754-3.809 18.95-2.075 25.94 4.41l112.1 104C514.6 247.9 514.6 264.1 504.3 273.6z\"><\/path><\/svg><\/a><\/div><\/div><\/div>\n<\/div>\n<\/div><\/div>\n","protected":false},"excerpt":{"rendered":"<p>Services\u200b Porte, Dressing, Habillage et meuble tv, R\u00e9ception et s\u00e9jour, Chambre a coucher, Salle a manger, Salon Marocain Porte, Dressing, Habillage et meuble tv, R\u00e9ception et s\u00e9jour, Chambre a coucher, Salle a manger, Salon Marocain Porte, Dressing, Habillage et meuble TV, R\u00e9ception et s\u00e9jour, Chambre \u00e0 coucher, Salle \u00e0 manger, Salon Marocain L\u2019am\u00e9nagement d\u2019int\u00e9rieur haut [&hellip;]<\/p>\n","protected":false},"author":1,"featured_media":0,"parent":0,"menu_order":0,"comment_status":"closed","ping_status":"closed","template":"","meta":{"_uag_custom_page_level_css":"","site-sidebar-layout":"no-sidebar","site-content-layout":"plain-container","ast-site-content-layout":"normal-width-container","site-content-style":"unboxed","site-sidebar-style":"unboxed","ast-global-header-display":"","ast-banner-title-visibility":"","ast-main-header-display":"","ast-hfb-above-header-display":"","ast-hfb-below-header-display":"","ast-hfb-mobile-header-display":"","site-post-title":"disabled","ast-breadcrumbs-content":"","ast-featured-img":"disabled","footer-sml-layout":"","theme-transparent-header-meta":"enabled","adv-header-id-meta":"","stick-header-meta":"","header-above-stick-meta":"","header-main-stick-meta":"","header-below-stick-meta":"","astra-migrate-meta-layouts":"set","ast-page-background-enabled":"default","ast-page-background-meta":{"desktop":{"background-color":"","background-image":"","background-repeat":"repeat","background-position":"center center","background-size":"auto","background-attachment":"scroll","background-type":"","background-media":"","overlay-type":"","overlay-color":"","overlay-opacity":"","overlay-gradient":""},"tablet":{"background-color":"","background-image":"","background-repeat":"repeat","background-position":"center center","background-size":"auto","background-attachment":"scroll","background-type":"","background-media":"","overlay-type":"","overlay-color":"","overlay-opacity":"","overlay-gradient":""},"mobile":{"background-color":"","background-image":"","background-repeat":"repeat","background-position":"center center","background-size":"auto","background-attachment":"scroll","background-type":"","background-media":"","overlay-type":"","overlay-color":"","overlay-opacity":"","overlay-gradient":""}},"ast-content-background-meta":{"desktop":{"background-color":"var(--ast-global-color-5)","background-image":"","background-repeat":"repeat","background-position":"center center","background-size":"auto","background-attachment":"scroll","background-type":"","background-media":"","overlay-type":"","overlay-color":"","overlay-opacity":"","overlay-gradient":""},"tablet":{"background-color":"var(--ast-global-color-5)","background-image":"","background-repeat":"repeat","background-position":"center center","background-size":"auto","background-attachment":"scroll","background-type":"","background-media":"","overlay-type":"","overlay-color":"","overlay-opacity":"","overlay-gradient":""},"mobile":{"background-color":"var(--ast-global-color-5)","background-image":"","background-repeat":"repeat","background-position":"center center","background-size":"auto","background-attachment":"scroll","background-type":"","background-media":"","overlay-type":"","overlay-color":"","overlay-opacity":"","overlay-gradient":""}},"footnotes":""},"class_list":["post-690","page","type-page","status-publish","hentry"],"uagb_featured_image_src":{"full":false,"thumbnail":false,"medium":false,"medium_large":false,"large":false,"1536x1536":false,"2048x2048":false},"uagb_author_info":{"display_name":"admin","author_link":"https:\/\/valoise-amenagement.ma\/particulier\/author\/admin\/"},"uagb_comment_info":0,"uagb_excerpt":"Services\u200b Porte, Dressing, Habillage et meuble tv, R\u00e9ception et s\u00e9jour, Chambre a coucher, Salle a manger, Salon Marocain Porte, Dressing, Habillage et meuble tv, R\u00e9ception et s\u00e9jour, Chambre a coucher, Salle a manger, Salon Marocain Porte, Dressing, Habillage et meuble TV, R\u00e9ception et s\u00e9jour, Chambre \u00e0 coucher, Salle \u00e0 manger, Salon Marocain L\u2019am\u00e9nagement d\u2019int\u00e9rieur haut\u2026","_links":{"self":[{"href":"https:\/\/valoise-amenagement.ma\/particulier\/wp-json\/wp\/v2\/pages\/690","targetHints":{"allow":["GET"]}}],"collection":[{"href":"https:\/\/valoise-amenagement.ma\/particulier\/wp-json\/wp\/v2\/pages"}],"about":[{"href":"https:\/\/valoise-amenagement.ma\/particulier\/wp-json\/wp\/v2\/types\/page"}],"author":[{"embeddable":true,"href":"https:\/\/valoise-amenagement.ma\/particulier\/wp-json\/wp\/v2\/users\/1"}],"replies":[{"embeddable":true,"href":"https:\/\/valoise-amenagement.ma\/particulier\/wp-json\/wp\/v2\/comments?post=690"}],"version-history":[{"count":2,"href":"https:\/\/valoise-amenagement.ma\/particulier\/wp-json\/wp\/v2\/pages\/690\/revisions"}],"predecessor-version":[{"id":1614,"href":"https:\/\/valoise-amenagement.ma\/particulier\/wp-json\/wp\/v2\/pages\/690\/revisions\/1614"}],"wp:attachment":[{"href":"https:\/\/valoise-amenagement.ma\/particulier\/wp-json\/wp\/v2\/media?parent=690"}],"curies":[{"name":"wp","href":"https:\/\/api.w.org\/{rel}","templated":true}]}}