{"id":689,"date":"2024-09-28T15:49:09","date_gmt":"2024-09-28T15:49:09","guid":{"rendered":"https:\/\/valoise-amenagement.ma\/particulier\/about\/"},"modified":"2024-10-01T01:24:43","modified_gmt":"2024-10-01T01:24:43","slug":"apropos","status":"publish","type":"page","link":"https:\/\/valoise-amenagement.ma\/particulier\/apropos\/","title":{"rendered":"\u00c0 propos"},"content":{"rendered":"\n<div class=\"wp-block-uagb-container uagb-block-2db72d83 alignfull uagb-is-root-container\"><div class=\"uagb-container-inner-blocks-wrap\">\n<div class=\"wp-block-uagb-advanced-heading uagb-block-3bd8dd32\"><h1 class=\"uagb-heading-text\">Valoise<\/h1><p class=\"uagb-desc-text\">Valoise Am\u00e9nagement est votre partenaire de confiance pour tous vos projets d\u2019am\u00e9nagement et de r\u00e9novation. Avec une expertise in\u00e9gal\u00e9e.<\/p><\/div>\n<\/div><\/div>\n\n\n\n<div class=\"wp-block-uagb-container uagb-block-687c1d77 alignfull uagb-is-root-container\"><div class=\"uagb-container-inner-blocks-wrap\">\n<div class=\"wp-block-uagb-info-box uagb-block-9f61b009 uagb-infobox__content-wrap  uagb-infobox-icon-above-title uagb-infobox-image-valign-top\"><div class=\"uagb-ifb-content\"><div class=\"uagb-ifb-title-wrap\"><span class=\"uagb-ifb-title-prefix\">Une attention m\u00e9ticuleuse aux d\u00e9tails<\/span><h5 class=\"uagb-ifb-title\">Valoise innove et apporte de nouvelles possibilit\u00e9s dans l\u2019am\u00e9nagement int\u00e9rieur.\u200b<\/h5><\/div><p class=\"uagb-ifb-desc\">Chez Valoise, nous repoussons les limites de l\u2019am\u00e9nagement int\u00e9rieur en proposant des solutions innovantes pour chaque maison. Notre approche se concentre sur la cr\u00e9ation d\u2019espaces uniques qui allient esth\u00e9tique et fonctionnalit\u00e9. Chaque \u00e9l\u00e9ment est soigneusement r\u00e9fl\u00e9chi pour offrir des possibilit\u00e9s infinies, transformant ainsi votre int\u00e9rieur en un v\u00e9ritable reflet de votre personnalit\u00e9 et de votre mode de vie.<\/p><\/div><\/div>\n\n\n\n<div class=\"wp-block-uagb-container uagb-block-1b41d904\">\n<div data-aos= \"flip-left\" data-aos-duration=\"400\" data-aos-delay=\"0\" data-aos-easing=\"ease\" data-aos-once=\"true\" class=\"wp-block-uagb-image uagb-block-84de973e wp-block-uagb-image--layout-default wp-block-uagb-image--effect-static wp-block-uagb-image--align-none\"><figure class=\"wp-block-uagb-image__figure\"><img decoding=\"async\" srcset=\"https:\/\/valoise-amenagement.ma\/particulier\/wp-content\/uploads\/2019\/12\/office-table.jpg ,https:\/\/valoise-amenagement.ma\/particulier\/wp-content\/uploads\/2019\/12\/office-table.jpg 780w, https:\/\/valoise-amenagement.ma\/particulier\/wp-content\/uploads\/2019\/12\/office-table.jpg 360w\" sizes=\"auto, (max-width: 480px) 150px\" src=\"https:\/\/valoise-amenagement.ma\/particulier\/wp-content\/uploads\/2019\/12\/office-table.jpg\" alt=\"\" class=\"uag-image-256\" width=\"400\" height=\"400\" title=\"\" loading=\"lazy\" role=\"img\"\/><\/figure><\/div>\n\n\n\n<div data-aos= \"flip-right\" data-aos-duration=\"400\" data-aos-delay=\"0\" data-aos-easing=\"ease\" data-aos-once=\"true\" class=\"wp-block-uagb-image uagb-block-a3dd340b wp-block-uagb-image--layout-default wp-block-uagb-image--effect-static wp-block-uagb-image--align-none\"><figure class=\"wp-block-uagb-image__figure\"><img decoding=\"async\" srcset=\"https:\/\/valoise-amenagement.ma\/particulier\/wp-content\/uploads\/2024\/10\/Rideaux-pour-salon.jpg ,https:\/\/valoise-amenagement.ma\/particulier\/wp-content\/uploads\/2024\/10\/Rideaux-pour-salon.jpg 780w, https:\/\/valoise-amenagement.ma\/particulier\/wp-content\/uploads\/2024\/10\/Rideaux-pour-salon.jpg 360w\" sizes=\"auto, (max-width: 480px) 150px\" src=\"https:\/\/valoise-amenagement.ma\/particulier\/wp-content\/uploads\/2024\/10\/Rideaux-pour-salon.jpg\" alt=\"\" class=\"uag-image-1688\" width=\"535\" height=\"402\" title=\"Rideaux-pour-salon\" loading=\"lazy\" role=\"img\"\/><\/figure><\/div>\n\n\n\n<div data-aos= \"flip-left\" data-aos-duration=\"400\" data-aos-delay=\"0\" data-aos-easing=\"ease\" data-aos-once=\"true\" class=\"wp-block-uagb-image uagb-block-ab045ed3 wp-block-uagb-image--layout-default wp-block-uagb-image--effect-static wp-block-uagb-image--align-none\"><figure class=\"wp-block-uagb-image__figure\"><img decoding=\"async\" srcset=\"https:\/\/valoise-amenagement.ma\/particulier\/wp-content\/uploads\/2019\/12\/white-wall.jpg ,https:\/\/valoise-amenagement.ma\/particulier\/wp-content\/uploads\/2019\/12\/white-wall.jpg 780w, https:\/\/valoise-amenagement.ma\/particulier\/wp-content\/uploads\/2019\/12\/white-wall.jpg 360w\" sizes=\"auto, (max-width: 480px) 150px\" src=\"https:\/\/valoise-amenagement.ma\/particulier\/wp-content\/uploads\/2019\/12\/white-wall.jpg\" alt=\"\" class=\"uag-image-223\" width=\"400\" height=\"400\" title=\"\" loading=\"lazy\" role=\"img\"\/><\/figure><\/div>\n<\/div>\n\n\n\n<div class=\"wp-block-uagb-container uagb-block-48b2cfd6\">\n<div class=\"wp-block-uagb-advanced-heading uagb-block-5d82114e\"><h3 class=\"uagb-heading-text\">Nous sommes sp\u00e9cialis\u00e9s dans la gestion de projets de design d\u2019int\u00e9rieur et de mobilier<\/h3><\/div>\n\n\n\n<div class=\"wp-block-uagb-advanced-heading uagb-block-1cea0376\"><p class=\"uagb-desc-text\">Notre expertise r\u00e9side dans la gestion de projets de design d\u2019int\u00e9rieur et de mobilier. Nous vous accompagnons \u00e0 chaque \u00e9tape, en transformant vos id\u00e9es en espaces fonctionnels et esth\u00e9tiques qui refl\u00e8tent votre style unique. Notre \u00e9quipe d\u2019experts se consacre \u00e0 comprendre vos besoins sp\u00e9cifiques et \u00e0 vous proposer des solutions sur mesure. Que ce soit pour une r\u00e9novation compl\u00e8te, l\u2019am\u00e9nagement d\u2019un nouvel espace ou la s\u00e9lection de meubles.<\/p><\/div>\n\n\n\n<div class=\"wp-block-uagb-advanced-heading uagb-block-163937bb\"><p class=\"uagb-desc-text\">Nous int\u00e9grons les derni\u00e8res tendances tout en respectant votre budget. Nous croyons fermement que chaque projet est une collaboration. C\u2019est pourquoi nous valorisons la communication ouverte et l\u2019\u00e9coute active tout au long du processus. De la conception initiale \u00e0 la r\u00e9alisation finale, notre objectif est de garantir votre satisfaction totale. En choisissant notre service, vous optez pour une approche personnalis\u00e9e et un savoir-faire reconnu.<\/p><\/div>\n<\/div>\n<\/div><\/div>\n","protected":false},"excerpt":{"rendered":"<p>Valoise Valoise Am\u00e9nagement est votre partenaire de confiance pour tous vos projets d\u2019am\u00e9nagement et de r\u00e9novation. Avec une expertise in\u00e9gal\u00e9e. Nous sommes sp\u00e9cialis\u00e9s dans la gestion de projets de design d\u2019int\u00e9rieur et de mobilier Notre expertise r\u00e9side dans la gestion de projets de design d\u2019int\u00e9rieur et de mobilier. Nous vous accompagnons \u00e0 chaque \u00e9tape, en [&hellip;]<\/p>\n","protected":false},"author":1,"featured_media":0,"parent":0,"menu_order":0,"comment_status":"closed","ping_status":"closed","template":"","meta":{"_uag_custom_page_level_css":"","site-sidebar-layout":"no-sidebar","site-content-layout":"plain-container","ast-site-content-layout":"normal-width-container","site-content-style":"unboxed","site-sidebar-style":"unboxed","ast-global-header-display":"","ast-banner-title-visibility":"","ast-main-header-display":"","ast-hfb-above-header-display":"","ast-hfb-below-header-display":"","ast-hfb-mobile-header-display":"","site-post-title":"disabled","ast-breadcrumbs-content":"","ast-featured-img":"disabled","footer-sml-layout":"","theme-transparent-header-meta":"enabled","adv-header-id-meta":"","stick-header-meta":"","header-above-stick-meta":"","header-main-stick-meta":"","header-below-stick-meta":"","astra-migrate-meta-layouts":"set","ast-page-background-enabled":"default","ast-page-background-meta":{"desktop":{"background-color":"","background-image":"","background-repeat":"repeat","background-position":"center center","background-size":"auto","background-attachment":"scroll","background-type":"","background-media":"","overlay-type":"","overlay-color":"","overlay-opacity":"","overlay-gradient":""},"tablet":{"background-color":"","background-image":"","background-repeat":"repeat","background-position":"center center","background-size":"auto","background-attachment":"scroll","background-type":"","background-media":"","overlay-type":"","overlay-color":"","overlay-opacity":"","overlay-gradient":""},"mobile":{"background-color":"","background-image":"","background-repeat":"repeat","background-position":"center center","background-size":"auto","background-attachment":"scroll","background-type":"","background-media":"","overlay-type":"","overlay-color":"","overlay-opacity":"","overlay-gradient":""}},"ast-content-background-meta":{"desktop":{"background-color":"var(--ast-global-color-5)","background-image":"","background-repeat":"repeat","background-position":"center center","background-size":"auto","background-attachment":"scroll","background-type":"","background-media":"","overlay-type":"","overlay-color":"","overlay-opacity":"","overlay-gradient":""},"tablet":{"background-color":"var(--ast-global-color-5)","background-image":"","background-repeat":"repeat","background-position":"center center","background-size":"auto","background-attachment":"scroll","background-type":"","background-media":"","overlay-type":"","overlay-color":"","overlay-opacity":"","overlay-gradient":""},"mobile":{"background-color":"var(--ast-global-color-5)","background-image":"","background-repeat":"repeat","background-position":"center center","background-size":"auto","background-attachment":"scroll","background-type":"","background-media":"","overlay-type":"","overlay-color":"","overlay-opacity":"","overlay-gradient":""}},"footnotes":""},"class_list":["post-689","page","type-page","status-publish","hentry"],"uagb_featured_image_src":{"full":false,"thumbnail":false,"medium":false,"medium_large":false,"large":false,"1536x1536":false,"2048x2048":false},"uagb_author_info":{"display_name":"admin","author_link":"https:\/\/valoise-amenagement.ma\/particulier\/author\/admin\/"},"uagb_comment_info":0,"uagb_excerpt":"Valoise Valoise Am\u00e9nagement est votre partenaire de confiance pour tous vos projets d\u2019am\u00e9nagement et de r\u00e9novation. Avec une expertise in\u00e9gal\u00e9e. Nous sommes sp\u00e9cialis\u00e9s dans la gestion de projets de design d\u2019int\u00e9rieur et de mobilier Notre expertise r\u00e9side dans la gestion de projets de design d\u2019int\u00e9rieur et de mobilier. Nous vous accompagnons \u00e0 chaque \u00e9tape, en\u2026","_links":{"self":[{"href":"https:\/\/valoise-amenagement.ma\/particulier\/wp-json\/wp\/v2\/pages\/689","targetHints":{"allow":["GET"]}}],"collection":[{"href":"https:\/\/valoise-amenagement.ma\/particulier\/wp-json\/wp\/v2\/pages"}],"about":[{"href":"https:\/\/valoise-amenagement.ma\/particulier\/wp-json\/wp\/v2\/types\/page"}],"author":[{"embeddable":true,"href":"https:\/\/valoise-amenagement.ma\/particulier\/wp-json\/wp\/v2\/users\/1"}],"replies":[{"embeddable":true,"href":"https:\/\/valoise-amenagement.ma\/particulier\/wp-json\/wp\/v2\/comments?post=689"}],"version-history":[{"count":12,"href":"https:\/\/valoise-amenagement.ma\/particulier\/wp-json\/wp\/v2\/pages\/689\/revisions"}],"predecessor-version":[{"id":1689,"href":"https:\/\/valoise-amenagement.ma\/particulier\/wp-json\/wp\/v2\/pages\/689\/revisions\/1689"}],"wp:attachment":[{"href":"https:\/\/valoise-amenagement.ma\/particulier\/wp-json\/wp\/v2\/media?parent=689"}],"curies":[{"name":"wp","href":"https:\/\/api.w.org\/{rel}","templated":true}]}}